{"id":9,"date":"2020-08-01T01:01:48","date_gmt":"2020-07-31T23:01:48","guid":{"rendered":"http:\/\/smartinfo.pl\/?page_id=9"},"modified":"2022-01-24T08:52:49","modified_gmt":"2022-01-24T07:52:49","slug":"angielski","status":"publish","type":"page","link":"https:\/\/smartinfo.pl\/index.php\/angielski\/","title":{"rendered":"J\u0118ZYK ANGIELSKI"},"content":{"rendered":"<style id=\"bwg-style-0\">    #bwg_container1_0 #bwg_container2_0 .bwg-container-0.bwg-standard-thumbnails {      width: 1504px;              justify-content: center;        margin:0 auto !important;              background-color: rgba(255, 255, 255, 0.00);            padding-left: 4px;      padding-top: 4px;      max-width: 100%;            }        #bwg_container1_0 #bwg_container2_0 .bwg-container-0.bwg-standard-thumbnails .bwg-item {    justify-content: flex-start;      max-width: 300px;            width: 300px !important;          }    #bwg_container1_0 #bwg_container2_0 .bwg-container-0.bwg-standard-thumbnails .bwg-item a {       margin-right: 4px;       margin-bottom: 4px;    }    #bwg_container1_0 #bwg_container2_0 .bwg-container-0.bwg-standard-thumbnails .bwg-item0 {      padding: 0px;            background-color:rgba(0,0,0, 0.30);      border: 0px none #CCCCCC;      opacity: 1.00;      border-radius: 0;      box-shadow: ;    }    #bwg_container1_0 #bwg_container2_0 .bwg-container-0.bwg-standard-thumbnails .bwg-item1 img {      max-height: none;      max-width: none;      padding: 0 !important;    }         @media only screen and (min-width: 480px) {\t\t#bwg_container1_0 #bwg_container2_0 .bwg-container-0.bwg-standard-thumbnails .bwg-item1 img {\t\t\t-webkit-transition: all .3s; transition: all .3s;\t\t}\t\t#bwg_container1_0 #bwg_container2_0 .bwg-container-0.bwg-standard-thumbnails .bwg-item1 img:hover {\t\t\t-ms-transform: scale(1.08);\t\t\t-webkit-transform: scale(1.08);\t\t\ttransform: scale(1.08);\t\t}\t\t\t\t.bwg-standard-thumbnails .bwg-zoom-effect .bwg-zoom-effect-overlay {\t\t\t\t\t\tbackground-color:rgba(0,0,0, 0.3);\t\t}\t\t.bwg-standard-thumbnails .bwg-zoom-effect:hover img {\t\t\t-ms-transform: scale(1.08);\t\t\t-webkit-transform: scale(1.08);\t\t\ttransform: scale(1.08);\t\t}\t\t      }\t    #bwg_container1_0 #bwg_container2_0 .bwg-container-0.bwg-standard-thumbnails .bwg-item1 {      padding-top: 100%;    }        #bwg_container1_0 #bwg_container2_0 .bwg-container-0.bwg-standard-thumbnails .bwg-title1 {      position: absolute;      top: 0;      z-index: 100;      width: 100%;      height: 100%;      display: flex;      justify-content: center;      align-content: center;      flex-direction: column;      opacity: 0;    }\t      #bwg_container1_0 #bwg_container2_0 .bwg-container-0.bwg-standard-thumbnails .bwg-title2,    #bwg_container1_0 #bwg_container2_0 .bwg-container-0.bwg-standard-thumbnails .bwg-ecommerce2 {      color: #FFFFFF;      font-family: Ubuntu;      font-size: 16px;      font-weight: bold;      padding: 2px;      text-shadow: ;      max-height: 100%;    }    #bwg_container1_0 #bwg_container2_0 .bwg-container-0.bwg-standard-thumbnails .bwg-thumb-description span {    color: #323A45;    font-family: Ubuntu;    font-size: 12px;    max-height: 100%;    word-wrap: break-word;    }    #bwg_container1_0 #bwg_container2_0 .bwg-container-0.bwg-standard-thumbnails .bwg-play-icon2 {      font-size: 32px;    }    #bwg_container1_0 #bwg_container2_0 .bwg-container-0.bwg-standard-thumbnails .bwg-ecommerce2 {      font-size: 19.2px;      color: #323A45;    }    <\/style>    <div id=\"bwg_container1_0\"         class=\"bwg_container bwg_thumbnail bwg_thumbnails \"         data-right-click-protection=\"1\"         data-bwg=\"0\"         data-scroll=\"0\"         data-gallery-type=\"thumbnails\"         data-gallery-view-type=\"thumbnails\"         data-current-url=\"\/index.php\/wp-json\/wp\/v2\/pages\/9\"         data-lightbox-url=\"https:\/\/smartinfo.pl\/wp-admin\/admin-ajax.php?action=GalleryBox&#038;current_view=0&#038;gallery_id=0&#038;tag=0&#038;theme_id=1&#038;shortcode_id=8&#038;sort_by=order&#038;order_by=asc&#038;current_url=%2Findex.php%2Fwp-json%2Fwp%2Fv2%2Fpages%2F9\"         data-gallery-id=\"0\"         data-popup-width=\"800\"         data-popup-height=\"500\"         data-is-album=\"gallery\"         data-buttons-position=\"bottom\">      <div id=\"bwg_container2_0\">             <div id=\"ajax_loading_0\" class=\"bwg_loading_div_1\">      <div class=\"bwg_loading_div_2\">        <div class=\"bwg_loading_div_3\">          <div id=\"loading_div_0\" class=\"bwg_spider_ajax_loading\">          <\/div>        <\/div>      <\/div>    <\/div>            <form id=\"gal_front_form_0\"              class=\"bwg-hidden\"              method=\"post\"              action=\"#\"              data-current=\"0\"              data-shortcode-id=\"8\"              data-gallery-type=\"thumbnails\"              data-gallery-id=\"0\"              data-tag=\"0\"              data-album-id=\"0\"              data-theme-id=\"1\"              data-ajax-url=\"https:\/\/smartinfo.pl\/wp-admin\/admin-ajax.php?action=bwg_frontend_data\">          <div id=\"bwg_container3_0\" class=\"bwg-background bwg-background-0\">                <div data-max-count=\"5\"         data-thumbnail-width=\"300\"         data-bwg=\"0\"         data-gallery-id=\"0\"         data-lightbox-url=\"https:\/\/smartinfo.pl\/wp-admin\/admin-ajax.php?action=GalleryBox&amp;current_view=0&amp;gallery_id=0&amp;tag=0&amp;theme_id=1&amp;shortcode_id=8&amp;sort_by=order&amp;order_by=asc&amp;current_url=%2Findex.php%2Fwp-json%2Fwp%2Fv2%2Fpages%2F9\"         id=\"bwg_thumbnails_0\"         class=\"bwg-container-0 bwg-thumbnails bwg-standard-thumbnails bwg-container bwg-border-box\">            <div class=\"bwg-item\">        <a class=\"bwg-a \"  data-elementor-open-lightbox=\"no\">                <div class=\"bwg-item0 \">          <div class=\"bwg-item1 bwg-zoom-effect\">            <div class=\"bwg-item2\">              <img decoding=\"async\" class=\"skip-lazy bwg_standart_thumb_img_0 \"                   data-id=\"17\"                   data-width=\"300\"                   data-height=\"300\"                   data-src=\"https:\/\/smartinfo.pl\/wp-content\/uploads\/photo-gallery\/thumb\/1.png?bwg=1598792654\"                   src=\"https:\/\/smartinfo.pl\/wp-content\/uploads\/photo-gallery\/thumb\/1.png?bwg=1598792654\"                   alt=\"Multisensoryczne zaj\u0119cia og\u00f3lnorozwojowe dla maluch\u00f3w i rodzic\u00f3w. Ta\u0144ce, wierszyki, \u015bpiewanki, wyliczanki, malowanki i przytulanki. Kreatywnie i bardzo  aktywnie. A to wszystko po angielsku!\"                   title=\"Multisensoryczne zaj\u0119cia og\u00f3lnorozwojowe dla maluch\u00f3w i rodzic\u00f3w. Ta\u0144ce, wierszyki, \u015bpiewanki, wyliczanki, malowanki i przytulanki. Kreatywnie i bardzo  aktywnie. A to wszystko po angielsku!\" \/>            <\/div>            <div class=\"bwg-zoom-effect-overlay\">              <div class=\"bwg-title1\"><div class=\"bwg-title2\">Multisensoryczne zaj\u0119cia og\u00f3lnorozwojowe dla maluch\u00f3w i rodzic\u00f3w. Ta\u0144ce, wierszyki, \u015bpiewanki, wyliczanki, malowanki i przytulanki. Kreatywnie i bardzo  aktywnie. A to wszystko po angielsku!<\/div><\/div>                                        <\/div>          <\/div>        <\/div>                        <\/a>        <div class=\"bwg-thumb-description bwg_thumb_description_0\"><span><\/span><\/div>      <\/div>            <div class=\"bwg-item\">        <a class=\"bwg-a \"  data-elementor-open-lightbox=\"no\">                <div class=\"bwg-item0 \">          <div class=\"bwg-item1 bwg-zoom-effect\">            <div class=\"bwg-item2\">              <img decoding=\"async\" class=\"skip-lazy bwg_standart_thumb_img_0 \"                   data-id=\"18\"                   data-width=\"300\"                   data-height=\"300\"                   data-src=\"https:\/\/smartinfo.pl\/wp-content\/uploads\/photo-gallery\/thumb\/2.png?bwg=1598792654\"                   src=\"https:\/\/smartinfo.pl\/wp-content\/uploads\/photo-gallery\/thumb\/2.png?bwg=1598792654\"                   alt=\"Kidsiaki, to spore dzieciaki \u2013 u nas m\u00f3wi\u0105 pe\u0142nymi zdaniami, \u015bpiewaj\u0105, eksperymentuj\u0105 i przyswajaj\u0105 j\u0119zyk angielski wszystkimi zmys\u0142ami przez zabaw\u0119, ruch, du\u017co \u015bmiechu i gry. Dodatkowo przygotuj\u0105 si\u0119 nale\u017cycie do zaj\u0119\u0107 szkolnych i kreatywnie sp\u0119dz\u0105 czas.\"                   title=\"Kidsiaki, to spore dzieciaki \u2013 u nas m\u00f3wi\u0105 pe\u0142nymi zdaniami, \u015bpiewaj\u0105, eksperymentuj\u0105 i przyswajaj\u0105 j\u0119zyk angielski wszystkimi zmys\u0142ami przez zabaw\u0119, ruch, du\u017co \u015bmiechu i gry. Dodatkowo przygotuj\u0105 si\u0119 nale\u017cycie do zaj\u0119\u0107 szkolnych i kreatywnie sp\u0119dz\u0105 czas.\" \/>            <\/div>            <div class=\"bwg-zoom-effect-overlay\">              <div class=\"bwg-title1\"><div class=\"bwg-title2\">Kidsiaki, to spore dzieciaki \u2013 u nas m\u00f3wi\u0105 pe\u0142nymi zdaniami, \u015bpiewaj\u0105, eksperymentuj\u0105 i przyswajaj\u0105 j\u0119zyk angielski wszystkimi zmys\u0142ami przez zabaw\u0119, ruch, du\u017co \u015bmiechu i gry. Dodatkowo przygotuj\u0105 si\u0119 nale\u017cycie do zaj\u0119\u0107 szkolnych i kreatywnie sp\u0119dz\u0105 czas.<\/div><\/div>                                        <\/div>          <\/div>        <\/div>                        <\/a>        <div class=\"bwg-thumb-description bwg_thumb_description_0\"><span><\/span><\/div>      <\/div>            <div class=\"bwg-item\">        <a class=\"bwg-a \"  data-elementor-open-lightbox=\"no\">                <div class=\"bwg-item0 \">          <div class=\"bwg-item1 bwg-zoom-effect\">            <div class=\"bwg-item2\">              <img decoding=\"async\" class=\"skip-lazy bwg_standart_thumb_img_0 \"                   data-id=\"22\"                   data-width=\"300\"                   data-height=\"300\"                   data-src=\"https:\/\/smartinfo.pl\/wp-content\/uploads\/photo-gallery\/thumb\/3.png?bwg=1598792654\"                   src=\"https:\/\/smartinfo.pl\/wp-content\/uploads\/photo-gallery\/thumb\/3.png?bwg=1598792654\"                   alt=\"Grupy Junior , to nasze m\u0142odziki \u2013 wprowadzamy gramatyk\u0119 w spos\u00f3b naturalny, poprzez mow\u0119 i os\u0142uchanie si\u0119 z j\u0119zykiem angielskim. W interaktywny spos\u00f3b uczymy si\u0119 sztuki czytania i pisania, bez presji i po\u015bpiechu.  Dzi\u0119ki temu dzieci \u015bwietnie opanowuj\u0105 wymow\u0119, odnajduj\u0105 si\u0119 w codziennych sytuacjach, gdzie wymagany jest j\u0119zyk angielski i zbieraj\u0105 w szkole same pi\u0105tki i sz\u00f3stki.\"                   title=\"Grupy Junior , to nasze m\u0142odziki \u2013 wprowadzamy gramatyk\u0119 w spos\u00f3b naturalny, poprzez mow\u0119 i os\u0142uchanie si\u0119 z j\u0119zykiem angielskim. W interaktywny spos\u00f3b uczymy si\u0119 sztuki czytania i pisania, bez presji i po\u015bpiechu.  Dzi\u0119ki temu dzieci \u015bwietnie opanowuj\u0105 wymow\u0119, odnajduj\u0105 si\u0119 w codziennych sytuacjach, gdzie wymagany jest j\u0119zyk angielski i zbieraj\u0105 w szkole same pi\u0105tki i sz\u00f3stki.\" \/>            <\/div>            <div class=\"bwg-zoom-effect-overlay\">              <div class=\"bwg-title1\"><div class=\"bwg-title2\">Grupy Junior , to nasze m\u0142odziki \u2013 wprowadzamy gramatyk\u0119 w spos\u00f3b naturalny, poprzez mow\u0119 i os\u0142uchanie si\u0119 z j\u0119zykiem angielskim. W interaktywny spos\u00f3b uczymy si\u0119 sztuki czytania i pisania, bez presji i po\u015bpiechu.  Dzi\u0119ki temu dzieci \u015bwietnie opanowuj\u0105 wymow\u0119, odnajduj\u0105 si\u0119 w codziennych sytuacjach, gdzie wymagany jest j\u0119zyk angielski i zbieraj\u0105 w szkole same pi\u0105tki i sz\u00f3stki.<\/div><\/div>                                        <\/div>          <\/div>        <\/div>                        <\/a>        <div class=\"bwg-thumb-description bwg_thumb_description_0\"><span><\/span><\/div>      <\/div>            <div class=\"bwg-item\">        <a class=\"bwg-a \"  data-elementor-open-lightbox=\"no\">                <div class=\"bwg-item0 \">          <div class=\"bwg-item1 bwg-zoom-effect\">            <div class=\"bwg-item2\">              <img decoding=\"async\" class=\"skip-lazy bwg_standart_thumb_img_0 \"                   data-id=\"19\"                   data-width=\"300\"                   data-height=\"300\"                   data-src=\"https:\/\/smartinfo.pl\/wp-content\/uploads\/photo-gallery\/thumb\/4.png?bwg=1598792654\"                   src=\"https:\/\/smartinfo.pl\/wp-content\/uploads\/photo-gallery\/thumb\/4.png?bwg=1598792654\"                   alt=\"Na zaj\u0119ciach Tweens\u00f3w kr\u00f3luj\u0105 m\u00f3wienie, gramatyka i bardzo pozytywna atmosfera, sprzyjaj\u0105ca przyswajaniu wiedzy. Zaczynamy te\u017c rzetelne przygotowania do nadchodz\u0105cych egzamin\u00f3w, zg\u0142\u0119biamy kultur\u0119 kraj\u00f3w angloj\u0119zycznych i utrwalamy wiedz\u0119 za pomoc\u0105 licznych gier i odgrywaniu scenek sytuacyjnych.\"                   title=\"Na zaj\u0119ciach Tweens\u00f3w kr\u00f3luj\u0105 m\u00f3wienie, gramatyka i bardzo pozytywna atmosfera, sprzyjaj\u0105ca przyswajaniu wiedzy. Zaczynamy te\u017c rzetelne przygotowania do nadchodz\u0105cych egzamin\u00f3w, zg\u0142\u0119biamy kultur\u0119 kraj\u00f3w angloj\u0119zycznych i utrwalamy wiedz\u0119 za pomoc\u0105 licznych gier i odgrywaniu scenek sytuacyjnych.\" \/>            <\/div>            <div class=\"bwg-zoom-effect-overlay\">              <div class=\"bwg-title1\"><div class=\"bwg-title2\">Na zaj\u0119ciach Tweens\u00f3w kr\u00f3luj\u0105 m\u00f3wienie, gramatyka i bardzo pozytywna atmosfera, sprzyjaj\u0105ca przyswajaniu wiedzy. Zaczynamy te\u017c rzetelne przygotowania do nadchodz\u0105cych egzamin\u00f3w, zg\u0142\u0119biamy kultur\u0119 kraj\u00f3w angloj\u0119zycznych i utrwalamy wiedz\u0119 za pomoc\u0105 licznych gier i odgrywaniu scenek sytuacyjnych.<\/div><\/div>                                        <\/div>          <\/div>        <\/div>                        <\/a>        <div class=\"bwg-thumb-description bwg_thumb_description_0\"><span><\/span><\/div>      <\/div>            <div class=\"bwg-item\">        <a class=\"bwg-a \"  data-elementor-open-lightbox=\"no\">                <div class=\"bwg-item0 \">          <div class=\"bwg-item1 bwg-zoom-effect\">            <div class=\"bwg-item2\">              <img decoding=\"async\" class=\"skip-lazy bwg_standart_thumb_img_0 \"                   data-id=\"20\"                   data-width=\"300\"                   data-height=\"300\"                   data-src=\"https:\/\/smartinfo.pl\/wp-content\/uploads\/photo-gallery\/thumb\/5.png?bwg=1598792654\"                   src=\"https:\/\/smartinfo.pl\/wp-content\/uploads\/photo-gallery\/thumb\/5.png?bwg=1598792654\"                   alt=\"Teensy to powa\u017cna i liczna grupa naszych uczni\u00f3w. Na zaj\u0119ciach k\u0142adziemy szczeg\u00f3lny nacisk na swobodne komunikowanie si\u0119 w j\u0119zyku angielskim i szlifujemy umiej\u0119tno\u015bci niezb\u0119dne na egzaminach: m\u00f3wienie, s\u0142uchanie, czytanie ze zrozumieniem, pisanie, gramatyka \u2013 wszystkie elementy, kt\u00f3re mog\u0105 sprawia\u0107 k\u0142opot, a s\u0105 niezb\u0119dne do p\u0142ynnej znajomo\u015bci angielskiego.\"                   title=\"Teensy to powa\u017cna i liczna grupa naszych uczni\u00f3w. Na zaj\u0119ciach k\u0142adziemy szczeg\u00f3lny nacisk na swobodne komunikowanie si\u0119 w j\u0119zyku angielskim i szlifujemy umiej\u0119tno\u015bci niezb\u0119dne na egzaminach: m\u00f3wienie, s\u0142uchanie, czytanie ze zrozumieniem, pisanie, gramatyka \u2013 wszystkie elementy, kt\u00f3re mog\u0105 sprawia\u0107 k\u0142opot, a s\u0105 niezb\u0119dne do p\u0142ynnej znajomo\u015bci angielskiego.\" \/>            <\/div>            <div class=\"bwg-zoom-effect-overlay\">              <div class=\"bwg-title1\"><div class=\"bwg-title2\">Teensy to powa\u017cna i liczna grupa naszych uczni\u00f3w. Na zaj\u0119ciach k\u0142adziemy szczeg\u00f3lny nacisk na swobodne komunikowanie si\u0119 w j\u0119zyku angielskim i szlifujemy umiej\u0119tno\u015bci niezb\u0119dne na egzaminach: m\u00f3wienie, s\u0142uchanie, czytanie ze zrozumieniem, pisanie, gramatyka \u2013 wszystkie elementy, kt\u00f3re mog\u0105 sprawia\u0107 k\u0142opot, a s\u0105 niezb\u0119dne do p\u0142ynnej znajomo\u015bci angielskiego.<\/div><\/div>                                        <\/div>          <\/div>        <\/div>                        <\/a>        <div class=\"bwg-thumb-description bwg_thumb_description_0\"><span><\/span><\/div>      <\/div>            <div class=\"bwg-item\">        <a class=\"bwg-a \"  data-elementor-open-lightbox=\"no\">                <div class=\"bwg-item0 \">          <div class=\"bwg-item1 bwg-zoom-effect\">            <div class=\"bwg-item2\">              <img decoding=\"async\" class=\"skip-lazy bwg_standart_thumb_img_0 \"                   data-id=\"21\"                   data-width=\"300\"                   data-height=\"300\"                   data-src=\"https:\/\/smartinfo.pl\/wp-content\/uploads\/photo-gallery\/thumb\/6.png?bwg=1598792654\"                   src=\"https:\/\/smartinfo.pl\/wp-content\/uploads\/photo-gallery\/thumb\/6.png?bwg=1598792654\"                   alt=\"Tryb nauki doros\u0142ych dostosowujemy do ich preferencji. Maj\u0105 Pa\u0144stwo do wyboru lekcje indywidualne (VIP), konwersacje (Smart Talk), kursy j\u0119zykowe (Smart World). Na zaj\u0119ciach stosujemy zasad\u0119 FUN + SMART + FREE \u2013 dobra zabawa,  m\u00f3wienie i angielski, kt\u00f3ry daje wolno\u015b\u0107. O to w\u0142a\u015bnie chodzi!\"                   title=\"Tryb nauki doros\u0142ych dostosowujemy do ich preferencji. Maj\u0105 Pa\u0144stwo do wyboru lekcje indywidualne (VIP), konwersacje (Smart Talk), kursy j\u0119zykowe (Smart World). Na zaj\u0119ciach stosujemy zasad\u0119 FUN + SMART + FREE \u2013 dobra zabawa,  m\u00f3wienie i angielski, kt\u00f3ry daje wolno\u015b\u0107. O to w\u0142a\u015bnie chodzi!\" \/>            <\/div>            <div class=\"bwg-zoom-effect-overlay\">              <div class=\"bwg-title1\"><div class=\"bwg-title2\">Tryb nauki doros\u0142ych dostosowujemy do ich preferencji. Maj\u0105 Pa\u0144stwo do wyboru lekcje indywidualne (VIP), konwersacje (Smart Talk), kursy j\u0119zykowe (Smart World). Na zaj\u0119ciach stosujemy zasad\u0119 FUN + SMART + FREE \u2013 dobra zabawa,  m\u00f3wienie i angielski, kt\u00f3ry daje wolno\u015b\u0107. O to w\u0142a\u015bnie chodzi!<\/div><\/div>                                        <\/div>          <\/div>        <\/div>                        <\/a>        <div class=\"bwg-thumb-description bwg_thumb_description_0\"><span><\/span><\/div>      <\/div>          <\/div>    <style>      \/*pagination styles*\/      #bwg_container1_0 #bwg_container2_0 .tablenav-pages_0 {\t\t\t\ttext-align: center;\t\t\t\tfont-size: 12px;\t\t\t\tfont-family: Ubuntu;\t\t\t\tfont-weight: bold;\t\t\t\tcolor: #666666;\t\t\t\tmargin: 6px 0 4px;\t\t\t\tdisplay: block;      }      @media only screen and (max-width : 320px) {      #bwg_container1_0 #bwg_container2_0 .displaying-num_0 {     \t display: none;      }      }      #bwg_container1_0 #bwg_container2_0 .displaying-num_0 {\t\t\t\tfont-size: 12px;\t\t\t\tfont-family: Ubuntu;\t\t\t\tfont-weight: bold;\t\t\t\tcolor: #666666;\t\t\t\tmargin-right: 10px;\t\t\t\tvertical-align: middle;      }      #bwg_container1_0 #bwg_container2_0 .paging-input_0 {\t\t\t\tfont-size: 12px;\t\t\t\tfont-family: Ubuntu;\t\t\t\tfont-weight: bold;\t\t\t\tcolor: #666666;\t\t\t\tvertical-align: middle;      }      #bwg_container1_0 #bwg_container2_0 .tablenav-pages_0 a.disabled,      #bwg_container1_0 #bwg_container2_0 .tablenav-pages_0 a.disabled:hover,      #bwg_container1_0 #bwg_container2_0 .tablenav-pages_0 a.disabled:focus,\t\t\t#bwg_container1_0 #bwg_container2_0 .tablenav-pages_0 input.bwg_current_page {\t\t\t\tcursor: default;\t\t\t\tcolor: rgba(102, 102, 102, 0.5);      }      #bwg_container1_0 #bwg_container2_0 .tablenav-pages_0 a,      #bwg_container1_0 #bwg_container2_0 .tablenav-pages_0 input.bwg_current_page {\t\t\t\tcursor: pointer;\t\t\t\ttext-align: center;\t\t\t\tfont-size: 12px;\t\t\t\tfont-family: Ubuntu;\t\t\t\tfont-weight: bold;\t\t\t\tcolor: #666666;\t\t\t\ttext-decoration: none;\t\t\t\tpadding: 3px 6px;\t\t\t\tmargin: 0;\t\t\t\tborder-radius: 0;\t\t\t\tborder-style: solid;\t\t\t\tborder-width: 1px;\t\t\t\tborder-color: #E3E3E3;\t\t\t\t\t\t\t\tbackground-color: rgba(255, 255, 255, 1.00);\t\t\t\tbox-shadow: 0;\t\t\t\ttransition: all 0.3s ease 0s;-webkit-transition: all 0.3s ease 0s;      }      <\/style>      <span class=\"bwg_nav_cont_0\">              <div class=\"tablenav-pages_0\">                  <\/div>                <input type=\"hidden\" id=\"page_number_0\" name=\"page_number_0\" value=\"1\" \/>      <script type=\"text\/javascript\">        if( jQuery('.bwg_nav_cont_0').length > 1 ) {          jQuery('.bwg_nav_cont_0').first().remove()        }        function spider_page_0(cur, x, y, load_more) {          if (typeof load_more == \"undefined\") {            var load_more = false;          }          if (jQuery(cur).hasClass('disabled')) {            return false;          }          var items_county_0 = 1;          switch (y) {            case 1:              if (x >= items_county_0) {                document.getElementById('page_number_0').value = items_county_0;              }              else {                document.getElementById('page_number_0').value = x + 1;              }              break;            case 2:              document.getElementById('page_number_0').value = items_county_0;              break;            case -1:              if (x == 1) {                document.getElementById('page_number_0').value = 1;              }              else {                document.getElementById('page_number_0').value = x - 1;              }              break;            case -2:              document.getElementById('page_number_0').value = 1;              break;\t\t\t\t\t\tcase 0:              document.getElementById('page_number_0').value = x;              break;            default:              document.getElementById('page_number_0').value = 1;          }          bwg_ajax('gal_front_form_0', '0', 'bwg_thumbnails_0', '0', '', 'gallery', 0, '', '', load_more, '', 1);        }                    jQuery('.first-page-0').on('click', function () {              spider_page_0(this, 1, -2, 'numeric');              return false;            });            jQuery('.prev-page-0').on('click', function () {              spider_page_0(this, 1, -1, 'numeric');              return false;            });            jQuery('.next-page-0').on('click', function () {              spider_page_0(this, 1, 1, 'numeric');              return false;            });            jQuery('.last-page-0').on('click', function () {              spider_page_0(this, 1, 2, 'numeric');              return false;            });        \t\t\t\t\/* Change page on input enter. *\/        function bwg_change_page_0( e, that ) {          if (  e.key == 'Enter' ) {            var to_page = parseInt(jQuery(that).val());            var pages_count = jQuery(that).parents(\".pagination-links\").data(\"pages-count\");            var current_url_param = jQuery(that).attr('data-url-info');            if (to_page > pages_count) {              to_page = 1;            }\t \t\t\t\t\t\t\t\t\t\t\t\tspider_page_0(this, to_page, 0, 'numeric');\t\t\t\t\t\t\treturn false;\t\t\t\t\t\t          }          return true;        }        jQuery('.bwg_load_btn_0').on('click', function () {            spider_page_0(this, 1, 1, true);            return false;        });      <\/script>      <\/span>                <\/div>        <\/form>              <\/div>    <\/div>    <script>      if (document.readyState === 'complete') {        if( typeof bwg_main_ready == 'function' ) {          if ( jQuery(\"#bwg_container1_0\").height() ) {            bwg_main_ready(jQuery(\"#bwg_container1_0\"));          }        }      } else {        document.addEventListener('DOMContentLoaded', function() {          if( typeof bwg_main_ready == 'function' ) {            if ( jQuery(\"#bwg_container1_0\").height() ) {             bwg_main_ready(jQuery(\"#bwg_container1_0\"));            }          }        });      }    <\/script>    \n\n\n\n<p><\/p>\n","protected":false},"excerpt":{"rendered":"","protected":false},"author":1,"featured_media":0,"parent":0,"menu_order":0,"comment_status":"closed","ping_status":"closed","template":"","meta":{"footnotes":""},"class_list":["post-9","page","type-page","status-publish","hentry"],"_links":{"self":[{"href":"https:\/\/smartinfo.pl\/index.php\/wp-json\/wp\/v2\/pages\/9","targetHints":{"allow":["GET"]}}],"collection":[{"href":"https:\/\/smartinfo.pl\/index.php\/wp-json\/wp\/v2\/pages"}],"about":[{"href":"https:\/\/smartinfo.pl\/index.php\/wp-json\/wp\/v2\/types\/page"}],"author":[{"embeddable":true,"href":"https:\/\/smartinfo.pl\/index.php\/wp-json\/wp\/v2\/users\/1"}],"replies":[{"embeddable":true,"href":"https:\/\/smartinfo.pl\/index.php\/wp-json\/wp\/v2\/comments?post=9"}],"version-history":[{"count":15,"href":"https:\/\/smartinfo.pl\/index.php\/wp-json\/wp\/v2\/pages\/9\/revisions"}],"predecessor-version":[{"id":642,"href":"https:\/\/smartinfo.pl\/index.php\/wp-json\/wp\/v2\/pages\/9\/revisions\/642"}],"wp:attachment":[{"href":"https:\/\/smartinfo.pl\/index.php\/wp-json\/wp\/v2\/media?parent=9"}],"curies":[{"name":"wp","href":"https:\/\/api.w.org\/{rel}","templated":true}]}}