{"id":36,"date":"2020-08-02T23:59:25","date_gmt":"2020-08-02T21:59:25","guid":{"rendered":"http:\/\/smartinfo.pl\/?page_id=36"},"modified":"2025-09-11T19:50:30","modified_gmt":"2025-09-11T17:50:30","slug":"kontakt","status":"publish","type":"page","link":"https:\/\/smartinfo.pl\/index.php\/kontakt\/","title":{"rendered":"Kontakt"},"content":{"rendered":"\n<p><strong>Adres<\/strong>: ul. Po\u017carna 2a, 83-330 \u017bukowo <\/p>\n\n\n\n<p>(SEKRETARIAT czynny od poniedzia\u0142ku do czwartku w godzinach 16:00-18:00)<\/p>\n\n\n\n<p><strong>Telefon<\/strong>: +48 883 341 073<\/p>\n\n\n\n<p><strong>E-mail<\/strong>: kontakt@smartinfo.pl<\/p>\n\n\n\n<p><\/p>\n\n\n\n<p>*** <strong>P\u0142atno\u015bci<\/strong> nale\u017cy dokonywa\u0107 na poni\u017csze konto:<\/p>\n\n\n\n<p>Centrum J\u0119zykowe SMART<br>ul. Po\u017carna 2a<br>83-330 \u017bukowo<\/p>\n\n\n\n<p><strong>mBank<br>65 1140 2004 0000 3102 3723 1171<\/strong><\/p>\n\n\n\n<p>Tytu\u0142 przelewu:<br>\u201eNazwisko i imi\u0119 ucznia, tytu\u0142em: op\u0142ata wpisowa\/op\u0142ata miesi\u0119czna\/rezerwacja urodzin&#8221;<\/p>\n\n\n\n<iframe loading=\"lazy\" src=\"https:\/\/www.google.com\/maps\/embed?pb=!1m18!1m12!1m3!1d581.4139935670066!2d18.364699029256354!3d54.34538849876256!2m3!1f0!2f0!3f0!3m2!1i1024!2i768!4f13.1!3m3!1m2!1s0x46fd9ea07661973b%3A0x3f69006708d7e2bd!2sSmart%20Centrum%20J%C4%99zykowe%20dla%20dzieci%2C%20m%C5%82odzie%C5%BCy%20i%20doros%C5%82ych!5e0!3m2!1spl!2spl!4v1598809379241!5m2!1spl!2spl\" width=\"800\" height=\"600\" frameborder=\"0\" style=\"border:0;\" allowfullscreen=\"\" aria-hidden=\"false\" tabindex=\"0\"><\/iframe>\n\n\n\n<p><\/p>\n","protected":false},"excerpt":{"rendered":"<p>Adres: ul. Po\u017carna 2a, 83-330 \u017bukowo (SEKRETARIAT czynny od poniedzia\u0142ku do czwartku w godzinach 16:00-18:00) Telefon: +48 883 341 073 E-mail: kontakt@smartinfo.pl *** P\u0142atno\u015bci nale\u017cy dokonywa\u0107 na poni\u017csze konto: Centrum [&hellip;]<\/p>\n","protected":false},"author":1,"featured_media":0,"parent":0,"menu_order":0,"comment_status":"closed","ping_status":"closed","template":"","meta":{"footnotes":""},"class_list":["post-36","page","type-page","status-publish","hentry"],"_links":{"self":[{"href":"https:\/\/smartinfo.pl\/index.php\/wp-json\/wp\/v2\/pages\/36","targetHints":{"allow":["GET"]}}],"collection":[{"href":"https:\/\/smartinfo.pl\/index.php\/wp-json\/wp\/v2\/pages"}],"about":[{"href":"https:\/\/smartinfo.pl\/index.php\/wp-json\/wp\/v2\/types\/page"}],"author":[{"embeddable":true,"href":"https:\/\/smartinfo.pl\/index.php\/wp-json\/wp\/v2\/users\/1"}],"replies":[{"embeddable":true,"href":"https:\/\/smartinfo.pl\/index.php\/wp-json\/wp\/v2\/comments?post=36"}],"version-history":[{"count":9,"href":"https:\/\/smartinfo.pl\/index.php\/wp-json\/wp\/v2\/pages\/36\/revisions"}],"predecessor-version":[{"id":1219,"href":"https:\/\/smartinfo.pl\/index.php\/wp-json\/wp\/v2\/pages\/36\/revisions\/1219"}],"wp:attachment":[{"href":"https:\/\/smartinfo.pl\/index.php\/wp-json\/wp\/v2\/media?parent=36"}],"curies":[{"name":"wp","href":"https:\/\/api.w.org\/{rel}","templated":true}]}}