{"id":10,"date":"2020-08-01T01:01:48","date_gmt":"2020-07-31T23:01:48","guid":{"rendered":"http:\/\/smartinfo.pl\/?page_id=10"},"modified":"2020-08-30T17:15:25","modified_gmt":"2020-08-30T15:15:25","slug":"contact","status":"publish","type":"page","link":"https:\/\/smartinfo.pl\/index.php\/contact\/","title":{"rendered":"ZAPISZ SI\u0118!"},"content":{"rendered":"\n<div role=\"form\" class=\"wpcf7\" id=\"wpcf7-f58-o1\" lang=\"en-US\" dir=\"ltr\">\n<div class=\"screen-reader-response\"><p role=\"status\" aria-live=\"polite\" aria-atomic=\"true\"><\/p> <ul><\/ul><\/div>\n<form action=\"\/index.php\/wp-json\/wp\/v2\/pages\/10#wpcf7-f58-o1\" method=\"post\" class=\"wpcf7-form init\" novalidate=\"novalidate\" data-status=\"init\">\n<div style=\"display: none;\">\n<input type=\"hidden\" name=\"_wpcf7\" value=\"58\" \/>\n<input type=\"hidden\" name=\"_wpcf7_version\" value=\"5.4.2\" \/>\n<input type=\"hidden\" name=\"_wpcf7_locale\" value=\"en_US\" \/>\n<input type=\"hidden\" name=\"_wpcf7_unit_tag\" value=\"wpcf7-f58-o1\" \/>\n<input type=\"hidden\" name=\"_wpcf7_container_post\" value=\"0\" \/>\n<input type=\"hidden\" name=\"_wpcf7_posted_data_hash\" value=\"\" \/>\n<\/div>\n<p><label>Imi\u0119 i nazwisko opiekuna *<br \/>\n    <span class=\"wpcf7-form-control-wrap your-name\"><input type=\"text\" name=\"your-name\" value=\"\" size=\"40\" class=\"wpcf7-form-control wpcf7-text wpcf7-validates-as-required\" aria-required=\"true\" aria-invalid=\"false\" \/><\/span> <\/label><\/p>\n<p><label> Imi\u0119 i nazwisko ucznia *<br \/>\n    <span class=\"wpcf7-form-control-wrap your-kid\"><input type=\"text\" name=\"your-kid\" value=\"\" size=\"40\" class=\"wpcf7-form-control wpcf7-text wpcf7-validates-as-required\" aria-required=\"true\" aria-invalid=\"false\" \/><\/span> <\/label><br \/>\n<label> Wiek ucznia *<br \/>\n    <span class=\"wpcf7-form-control-wrap your-kidage\"><input type=\"text\" name=\"your-kidage\" value=\"\" size=\"40\" class=\"wpcf7-form-control wpcf7-text wpcf7-validates-as-required\" aria-required=\"true\" aria-invalid=\"false\" \/><\/span> <\/label><\/p>\n<p><label> Adres e-mail *<br \/>\n    <span class=\"wpcf7-form-control-wrap your-email\"><input type=\"email\" name=\"your-email\" value=\"\" size=\"40\" class=\"wpcf7-form-control wpcf7-text wpcf7-email wpcf7-validates-as-required wpcf7-validates-as-email\" aria-required=\"true\" aria-invalid=\"false\" \/><\/span> <\/label><\/p>\n<p><label> Telefon *<br \/>\n   <span class=\"wpcf7-form-control-wrap tel-614\"><input type=\"tel\" name=\"tel-614\" value=\"\" size=\"40\" class=\"wpcf7-form-control wpcf7-text wpcf7-tel wpcf7-validates-as-required wpcf7-validates-as-tel\" aria-required=\"true\" aria-invalid=\"false\" \/><\/span> <\/label><\/p>\n<p><span class=\"wpcf7-form-control-wrap Lekcjapokazowa\"><span class=\"wpcf7-form-control wpcf7-checkbox\"><span class=\"wpcf7-list-item first last\"><input type=\"checkbox\" name=\"Lekcjapokazowa[]\" value=\"chc\u0119 wzi\u0105\u0107 udzia\u0142 w lekcji pokazowej\/te\u015bcie okre\u015blaj\u0105cym poziom\" \/><span class=\"wpcf7-list-item-label\">chc\u0119 wzi\u0105\u0107 udzia\u0142 w lekcji pokazowej\/te\u015bcie okre\u015blaj\u0105cym poziom<\/span><\/span><\/span><\/span><\/p>\n<p><label> TRE\u015a\u0106 WIADOMO\u015aCI<br \/>\n    <span class=\"wpcf7-form-control-wrap your-message\"><textarea name=\"your-message\" cols=\"40\" rows=\"10\" class=\"wpcf7-form-control wpcf7-textarea\" aria-invalid=\"false\"><\/textarea><\/span> <\/label><\/p>\n<p><label> Zgoda na przetwarzanie danych osobowych * <\/label><\/p>\n<p><span class=\"wpcf7-form-control-wrap acceptance-489\"><span class=\"wpcf7-form-control wpcf7-acceptance\"><span class=\"wpcf7-list-item\"><label><input type=\"checkbox\" name=\"acceptance-489\" value=\"1\" aria-invalid=\"false\" \/><span class=\"wpcf7-list-item-label\">Jestem \u015bwiadomy\/a, \u017ce Administratorem podanych przeze mnie danych osobowych jest \"SMART\" Barbara Maziarz z siedzib\u0105 przy ul. Le\u015bna G\u00f3ra 5b\/15, 80-281 Gda\u0144sk. Dane przetwarzane s\u0105 zgodnie z art. 6 ust. 1 lit. b) og\u00f3lnego rozporz\u0105dzenia o ochronie danych osobowych z dnia 27 kwietnia 2016 r (dalej RODO). Przys\u0142uguje mi prawo wgl\u0105du do moich danych oraz ich poprawiania, ograniczenia przetwarzania moich danych, przenoszenia danych, a w przypadku w\u0105tpliwo\u015bci co do poprawno\u015bci przetwarzania danych prawo do wniesienia skargi do organu nadzorczego. Odbiorcami moich danych b\u0119d\u0105 jedynie podmioty upowa\u017cnione na podstawie przepis\u00f3w prawa. Dane podaj\u0119 dobrowolnie i jestem \u015bwiadomy\/a, \u017ce konsekwencj\u0105 nie podania danych mo\u017ce by\u0107 odmowa zawarcia umowy.<\/span><\/label><\/span><\/span><\/span><\/p>\n<p><input type=\"submit\" value=\"Wy\u015blij\" class=\"wpcf7-form-control wpcf7-submit\" \/><\/p>\n<div class=\"wpcf7-response-output\" aria-hidden=\"true\"><\/div><\/form><\/div>\n\n\n\n<p><\/p>\n","protected":false},"excerpt":{"rendered":"","protected":false},"author":1,"featured_media":0,"parent":0,"menu_order":0,"comment_status":"closed","ping_status":"closed","template":"","meta":{"footnotes":""},"class_list":["post-10","page","type-page","status-publish","hentry"],"_links":{"self":[{"href":"https:\/\/smartinfo.pl\/index.php\/wp-json\/wp\/v2\/pages\/10","targetHints":{"allow":["GET"]}}],"collection":[{"href":"https:\/\/smartinfo.pl\/index.php\/wp-json\/wp\/v2\/pages"}],"about":[{"href":"https:\/\/smartinfo.pl\/index.php\/wp-json\/wp\/v2\/types\/page"}],"author":[{"embeddable":true,"href":"https:\/\/smartinfo.pl\/index.php\/wp-json\/wp\/v2\/users\/1"}],"replies":[{"embeddable":true,"href":"https:\/\/smartinfo.pl\/index.php\/wp-json\/wp\/v2\/comments?post=10"}],"version-history":[{"count":6,"href":"https:\/\/smartinfo.pl\/index.php\/wp-json\/wp\/v2\/pages\/10\/revisions"}],"predecessor-version":[{"id":162,"href":"https:\/\/smartinfo.pl\/index.php\/wp-json\/wp\/v2\/pages\/10\/revisions\/162"}],"wp:attachment":[{"href":"https:\/\/smartinfo.pl\/index.php\/wp-json\/wp\/v2\/media?parent=10"}],"curies":[{"name":"wp","href":"https:\/\/api.w.org\/{rel}","templated":true}]}}